{"id":251,"date":"2021-09-29T10:02:33","date_gmt":"2021-09-29T10:02:33","guid":{"rendered":"http:\/\/kibrisdanismanim.com\/?page_id=251"},"modified":"2022-12-19T11:49:05","modified_gmt":"2022-12-19T11:49:05","slug":"kuzey-kibrista-arac-kiralama","status":"publish","type":"page","link":"https:\/\/kibrisdanismanim.com\/?page_id=251","title":{"rendered":"Kuzey K\u0131br\u0131s\u2019ta Ara\u00e7 Kiralama"},"content":{"rendered":"<h3 style=\"text-align: center;\">Kuzey K\u0131br\u0131s\u2019ta Ara\u00e7 Kiralama<\/h3>\n<p><img loading=\"lazy\" decoding=\"async\" class=\"wp-image-451 aligncenter\" src=\"http:\/\/kibrisdanismanim.com\/wp-content\/uploads\/2021\/10\/alexander-300x169.jpg\" alt=\"\" width=\"833\" height=\"469\" srcset=\"https:\/\/kibrisdanismanim.com\/wp-content\/uploads\/2021\/10\/alexander-300x169.jpg 300w, https:\/\/kibrisdanismanim.com\/wp-content\/uploads\/2021\/10\/alexander-1024x576.jpg 1024w, https:\/\/kibrisdanismanim.com\/wp-content\/uploads\/2021\/10\/alexander-768x432.jpg 768w, https:\/\/kibrisdanismanim.com\/wp-content\/uploads\/2021\/10\/alexander-1536x864.jpg 1536w, https:\/\/kibrisdanismanim.com\/wp-content\/uploads\/2021\/10\/alexander.jpg 1920w\" sizes=\"auto, (max-width: 833px) 100vw, 833px\" \/><\/p>\n<p>Kuzey K\u0131br\u0131s\u2019ta farkl\u0131 ara\u00e7 gruplar\u0131nda rekabet\u00e7i fiyatlarla ara\u00e7 kiralanmaktad\u0131r. Kuzey K\u0131br\u0131s\u2019ta ara\u00e7 kiralamak i\u00e7in kendi \u00fclkenizin s\u00fcr\u00fc\u015f ehliyetine veya \u2018Uluslararas\u0131 S\u00fcr\u00fc\u015f \u0130znine\u2019 ihtiya\u00e7 vard\u0131r.<\/p>\n<p>Kiralanan ara\u00e7lar Ercan havaalan\u0131 ya da \u015fehir i\u00e7i teslim \u015feklinde ger\u00e7ekle\u015febilir.<\/p>\n<p>Daha fazla bilgi, fiyat listeleri ve bir ara\u00e7 kiralamak i\u00e7in hemen Toros YALKIN 05428736526 no&#8217;lu whatsapp hatt\u0131m\u0131zla ileti\u015fime ge\u00e7ebilirsiniz.<\/p>\n<p>&nbsp;<\/p>\n","protected":false},"excerpt":{"rendered":"<p>Kuzey K\u0131br\u0131s\u2019ta Ara\u00e7 Kiralama Kuzey K\u0131br\u0131s\u2019ta farkl\u0131 ara\u00e7 gruplar\u0131nda rekabet\u00e7i fiyatlarla ara\u00e7 kiralanmaktad\u0131r. Kuzey K\u0131br\u0131s\u2019ta ara\u00e7 kiralamak i\u00e7in kendi \u00fclkenizin s\u00fcr\u00fc\u015f ehliyetine veya \u2018Uluslararas\u0131 S\u00fcr\u00fc\u015f \u0130znine\u2019 ihtiya\u00e7 vard\u0131r. Kiralanan ara\u00e7lar Ercan havaalan\u0131 ya da \u015fehir i\u00e7i teslim \u015feklinde ger\u00e7ekle\u015febilir. Daha fazla bilgi, fiyat listeleri ve bir ara\u00e7 kiralamak i\u00e7in hemen Toros YALKIN 05428736526 no&#8217;lu whatsapp [&hellip;]<\/p>\n","protected":false},"author":1,"featured_media":0,"parent":0,"menu_order":0,"comment_status":"closed","ping_status":"closed","template":"","meta":{"_monsterinsights_skip_tracking":false,"_monsterinsights_sitenote_active":false,"_monsterinsights_sitenote_note":"","_monsterinsights_sitenote_category":0,"footnotes":""},"class_list":["post-251","page","type-page","status-publish","hentry"],"_links":{"self":[{"href":"https:\/\/kibrisdanismanim.com\/index.php?rest_route=\/wp\/v2\/pages\/251","targetHints":{"allow":["GET"]}}],"collection":[{"href":"https:\/\/kibrisdanismanim.com\/index.php?rest_route=\/wp\/v2\/pages"}],"about":[{"href":"https:\/\/kibrisdanismanim.com\/index.php?rest_route=\/wp\/v2\/types\/page"}],"author":[{"embeddable":true,"href":"https:\/\/kibrisdanismanim.com\/index.php?rest_route=\/wp\/v2\/users\/1"}],"replies":[{"embeddable":true,"href":"https:\/\/kibrisdanismanim.com\/index.php?rest_route=%2Fwp%2Fv2%2Fcomments&post=251"}],"version-history":[{"count":6,"href":"https:\/\/kibrisdanismanim.com\/index.php?rest_route=\/wp\/v2\/pages\/251\/revisions"}],"predecessor-version":[{"id":658,"href":"https:\/\/kibrisdanismanim.com\/index.php?rest_route=\/wp\/v2\/pages\/251\/revisions\/658"}],"wp:attachment":[{"href":"https:\/\/kibrisdanismanim.com\/index.php?rest_route=%2Fwp%2Fv2%2Fmedia&parent=251"}],"curies":[{"name":"wp","href":"https:\/\/api.w.org\/{rel}","templated":true}]}}