{"id":187,"date":"2021-09-24T11:25:20","date_gmt":"2021-09-24T11:25:20","guid":{"rendered":"http:\/\/kibrisdanismanim.com\/?page_id=187"},"modified":"2022-12-19T11:35:27","modified_gmt":"2022-12-19T11:35:27","slug":"kibrisa-ozgu-dogal-urunler","status":"publish","type":"page","link":"https:\/\/kibrisdanismanim.com\/?page_id=187","title":{"rendered":"KIBRIS&#8217;A \u00d6ZG\u00dc DO\u011eAL \u00dcR\u00dcNLER"},"content":{"rendered":"<h2 style=\"text-align: center;\">KIBRIS&#8217;A \u00d6ZG\u00dc DO\u011eAL \u00dcR\u00dcNLER<\/h2>\n<p style=\"text-align: left;\">Ba\u015fta as\u0131rl\u0131k a\u011fa\u00e7lar\u0131ndan elde edilen Saf\u00a0 Zeytinya\u011f\u0131 olmak \u00fczere k\u0131br\u0131s do\u011fas\u0131na ait y\u00fczlerce do\u011fal \u00fcr\u00fcn bulunmaktadir.<img loading=\"lazy\" decoding=\"async\" class=\"size-medium wp-image-441 alignleft\" src=\"http:\/\/kibrisdanismanim.com\/wp-content\/uploads\/2021\/10\/Natural-skincare-new-300x183.jpg\" alt=\"\" width=\"300\" height=\"183\" srcset=\"https:\/\/kibrisdanismanim.com\/wp-content\/uploads\/2021\/10\/Natural-skincare-new-300x183.jpg 300w, https:\/\/kibrisdanismanim.com\/wp-content\/uploads\/2021\/10\/Natural-skincare-new.jpg 640w\" sizes=\"auto, (max-width: 300px) 100vw, 300px\" \/> Son d\u00f6nemlerde populer olan \u00fcr\u00fcnlerin ba\u015f\u0131nda K\u0131br\u0131s Zeytinya\u011f\u0131, lavanta, bergamot, yasemin kremleri gelmektedir.<br \/>\nZeytinya\u011f\u0131 ve ke\u00e7i s\u00fct\u00fc sabunlar\u0131, k\u0131br\u0131sa \u00f6zel ceviz, portakal, karpuz macunlar\u0131 -re\u00e7el- ve do\u011fal da\u011f ballar\u0131 bulunmaktad\u0131r.<\/p>\n<p>Ayr\u0131ca portakal, limon, bergamot ve harnup lik\u00f6rleri \u00fcretimi son y\u0131llarda ba\u015flam\u0131\u015ft\u0131r.<\/p>\n<p>Do\u011fal K\u0131br\u0131s \u00fcr\u00fcnlerine www.inncy.co adresinden ula\u015fabilir ve inceleyebilir, sipari\u015f verebilir ya da \u00a0hemen \u015fimdi Toros YALKIN 05428736526 no lu whatsap hatt\u0131na mesaj g\u00f6ndererek konaklad\u0131\u011f\u0131n\u0131z K\u0131br\u0131s adresine yada T\u00fcrkiye adresinize istedi\u011finiz \u00fcr\u00fcn\u00fc sipari\u015f edebilirsiniz.<\/p>\n","protected":false},"excerpt":{"rendered":"<p>KIBRIS&#8217;A \u00d6ZG\u00dc DO\u011eAL \u00dcR\u00dcNLER Ba\u015fta as\u0131rl\u0131k a\u011fa\u00e7lar\u0131ndan elde edilen Saf\u00a0 Zeytinya\u011f\u0131 olmak \u00fczere k\u0131br\u0131s do\u011fas\u0131na ait y\u00fczlerce do\u011fal \u00fcr\u00fcn bulunmaktadir. Son d\u00f6nemlerde populer olan \u00fcr\u00fcnlerin ba\u015f\u0131nda K\u0131br\u0131s Zeytinya\u011f\u0131, lavanta, bergamot, yasemin kremleri gelmektedir. Zeytinya\u011f\u0131 ve ke\u00e7i s\u00fct\u00fc sabunlar\u0131, k\u0131br\u0131sa \u00f6zel ceviz, portakal, karpuz macunlar\u0131 -re\u00e7el- ve do\u011fal da\u011f ballar\u0131 bulunmaktad\u0131r. Ayr\u0131ca portakal, limon, bergamot ve [&hellip;]<\/p>\n","protected":false},"author":1,"featured_media":0,"parent":0,"menu_order":0,"comment_status":"closed","ping_status":"closed","template":"","meta":{"_monsterinsights_skip_tracking":false,"_monsterinsights_sitenote_active":false,"_monsterinsights_sitenote_note":"","_monsterinsights_sitenote_category":0,"footnotes":""},"class_list":["post-187","page","type-page","status-publish","hentry"],"_links":{"self":[{"href":"https:\/\/kibrisdanismanim.com\/index.php?rest_route=\/wp\/v2\/pages\/187","targetHints":{"allow":["GET"]}}],"collection":[{"href":"https:\/\/kibrisdanismanim.com\/index.php?rest_route=\/wp\/v2\/pages"}],"about":[{"href":"https:\/\/kibrisdanismanim.com\/index.php?rest_route=\/wp\/v2\/types\/page"}],"author":[{"embeddable":true,"href":"https:\/\/kibrisdanismanim.com\/index.php?rest_route=\/wp\/v2\/users\/1"}],"replies":[{"embeddable":true,"href":"https:\/\/kibrisdanismanim.com\/index.php?rest_route=%2Fwp%2Fv2%2Fcomments&post=187"}],"version-history":[{"count":12,"href":"https:\/\/kibrisdanismanim.com\/index.php?rest_route=\/wp\/v2\/pages\/187\/revisions"}],"predecessor-version":[{"id":644,"href":"https:\/\/kibrisdanismanim.com\/index.php?rest_route=\/wp\/v2\/pages\/187\/revisions\/644"}],"wp:attachment":[{"href":"https:\/\/kibrisdanismanim.com\/index.php?rest_route=%2Fwp%2Fv2%2Fmedia&parent=187"}],"curies":[{"name":"wp","href":"https:\/\/api.w.org\/{rel}","templated":true}]}}