{"id":181,"date":"2021-09-24T11:12:37","date_gmt":"2021-09-24T11:12:37","guid":{"rendered":"http:\/\/kibrisdanismanim.com\/?page_id=181"},"modified":"2022-12-19T11:37:40","modified_gmt":"2022-12-19T11:37:40","slug":"kibrista-doga-gezileri-2","status":"publish","type":"page","link":"https:\/\/kibrisdanismanim.com\/?page_id=181","title":{"rendered":"KIBRIS&#8217;TA DO\u011eA GEZ\u0130LER\u0130"},"content":{"rendered":"<h1 style=\"text-align: center;\">KIBRIS&#8217;TA DO\u011eA GEZ\u0130LER\u0130<\/h1>\n<p>Tarihi ve do\u011fal bir \u00e7ok g\u00fczelli\u011fe ev sahipli\u011fi yapan, Akdenizin y\u00fckselen de\u011feri KKTC de son y\u0131llarda alternatif turizmde y\u00fckseli\u015fe ge\u00e7mi\u015ftir. \u00d6zellikle yama\u00e7 para\u015f\u00fct\u00fc ve parasailing d\u00fcnyadan bu alandaki turizm a\u00e7\u0131s\u0131ndan b\u00fcy\u00fck talep g\u00f6rmektedir. \u0130sterseniz atvlerle gizemli da\u011f yollar\u0131nda gezebilir, jeep safari turlar\u0131na, trekking\u00a0 ve do\u011fa y\u00fcr\u00fcy\u00fc\u015f\u00fc turlar\u0131na, t\u00fcpl\u00fc dal\u0131\u015f ve yoga derslerine kat\u0131labilirsiniz. Bu se\u00e7eneklerle ilgili rezervasyon ve ileri bilgi i\u00e7in hemen \u015fimdi Toros YALKIN 05428736526 no lu whatsap hatt\u0131na mesaj g\u00f6nderebilirsiniz.<\/p>\n<p><img loading=\"lazy\" decoding=\"async\" class=\" wp-image-412 aligncenter\" src=\"http:\/\/kibrisdanismanim.com\/wp-content\/uploads\/2021\/10\/paragliding-in-greece-photo-by-charbel-aoun-300x225.jpg\" alt=\"\" width=\"583\" height=\"437\" srcset=\"https:\/\/kibrisdanismanim.com\/wp-content\/uploads\/2021\/10\/paragliding-in-greece-photo-by-charbel-aoun-300x225.jpg 300w, https:\/\/kibrisdanismanim.com\/wp-content\/uploads\/2021\/10\/paragliding-in-greece-photo-by-charbel-aoun-1024x768.jpg 1024w, https:\/\/kibrisdanismanim.com\/wp-content\/uploads\/2021\/10\/paragliding-in-greece-photo-by-charbel-aoun-768x576.jpg 768w, https:\/\/kibrisdanismanim.com\/wp-content\/uploads\/2021\/10\/paragliding-in-greece-photo-by-charbel-aoun.jpg 1500w\" sizes=\"auto, (max-width: 583px) 100vw, 583px\" \/><\/p>\n<p style=\"text-align: center;\"><strong>K\u0131br\u0131sta tekne turlar\u0131<\/strong><\/p>\n<p>Akdenizin y\u00fckselen de\u011feri KKTC&#8217;de \u00f6zellikle girne liman\u0131nda 350-550 tl civar\u0131 fiyatlarla yeme i\u00e7me dahil g\u00fcnl\u00fck tekne turlar\u0131na \u00e7\u0131kabilir, Girnenin bir \u00e7ok alt\u0131n plaj\u0131n\u0131 denizden ziyaret ederek y\u00fczme deneyiminize farkl\u0131l\u0131k getirebilirsiniz.\u00a0 \u0130sterseniz en uygun fiyatlarla gecelik tekne kiralayabilir KKTC sahil kentlerini denizden gezebilir teknede konaklayabilirsiniz.<br \/>\nTekne turlar\u0131na kat\u0131lmak, \u00f6zel tekne turu organize etmek ya da ileri bilgi i\u00e7in hemen \u015fimdi Toros YALKIN 05428736526 no lu whatsap hatt\u0131na mesaj g\u00f6nderebilirsiniz.<\/p>\n<p><img loading=\"lazy\" decoding=\"async\" class=\"wp-image-427 aligncenter\" src=\"http:\/\/kibrisdanismanim.com\/wp-content\/uploads\/2021\/10\/BABLA-1748189-guletteknesi-300x169.jpg\" alt=\"\" width=\"707\" height=\"398\" srcset=\"https:\/\/kibrisdanismanim.com\/wp-content\/uploads\/2021\/10\/BABLA-1748189-guletteknesi-300x169.jpg 300w, https:\/\/kibrisdanismanim.com\/wp-content\/uploads\/2021\/10\/BABLA-1748189-guletteknesi-1024x576.jpg 1024w, https:\/\/kibrisdanismanim.com\/wp-content\/uploads\/2021\/10\/BABLA-1748189-guletteknesi-768x432.jpg 768w, https:\/\/kibrisdanismanim.com\/wp-content\/uploads\/2021\/10\/BABLA-1748189-guletteknesi.jpg 1280w\" sizes=\"auto, (max-width: 707px) 100vw, 707px\" \/><\/p>\n","protected":false},"excerpt":{"rendered":"<p>KIBRIS&#8217;TA DO\u011eA GEZ\u0130LER\u0130 Tarihi ve do\u011fal bir \u00e7ok g\u00fczelli\u011fe ev sahipli\u011fi yapan, Akdenizin y\u00fckselen de\u011feri KKTC de son y\u0131llarda alternatif turizmde y\u00fckseli\u015fe ge\u00e7mi\u015ftir. \u00d6zellikle yama\u00e7 para\u015f\u00fct\u00fc ve parasailing d\u00fcnyadan bu alandaki turizm a\u00e7\u0131s\u0131ndan b\u00fcy\u00fck talep g\u00f6rmektedir. \u0130sterseniz atvlerle gizemli da\u011f yollar\u0131nda gezebilir, jeep safari turlar\u0131na, trekking\u00a0 ve do\u011fa y\u00fcr\u00fcy\u00fc\u015f\u00fc turlar\u0131na, t\u00fcpl\u00fc dal\u0131\u015f ve yoga derslerine [&hellip;]<\/p>\n","protected":false},"author":1,"featured_media":0,"parent":0,"menu_order":0,"comment_status":"closed","ping_status":"closed","template":"","meta":{"_monsterinsights_skip_tracking":false,"_monsterinsights_sitenote_active":false,"_monsterinsights_sitenote_note":"","_monsterinsights_sitenote_category":0,"footnotes":""},"class_list":["post-181","page","type-page","status-publish","hentry"],"_links":{"self":[{"href":"https:\/\/kibrisdanismanim.com\/index.php?rest_route=\/wp\/v2\/pages\/181","targetHints":{"allow":["GET"]}}],"collection":[{"href":"https:\/\/kibrisdanismanim.com\/index.php?rest_route=\/wp\/v2\/pages"}],"about":[{"href":"https:\/\/kibrisdanismanim.com\/index.php?rest_route=\/wp\/v2\/types\/page"}],"author":[{"embeddable":true,"href":"https:\/\/kibrisdanismanim.com\/index.php?rest_route=\/wp\/v2\/users\/1"}],"replies":[{"embeddable":true,"href":"https:\/\/kibrisdanismanim.com\/index.php?rest_route=%2Fwp%2Fv2%2Fcomments&post=181"}],"version-history":[{"count":23,"href":"https:\/\/kibrisdanismanim.com\/index.php?rest_route=\/wp\/v2\/pages\/181\/revisions"}],"predecessor-version":[{"id":647,"href":"https:\/\/kibrisdanismanim.com\/index.php?rest_route=\/wp\/v2\/pages\/181\/revisions\/647"}],"wp:attachment":[{"href":"https:\/\/kibrisdanismanim.com\/index.php?rest_route=%2Fwp%2Fv2%2Fmedia&parent=181"}],"curies":[{"name":"wp","href":"https:\/\/api.w.org\/{rel}","templated":true}]}}