{"id":174,"date":"2021-09-24T11:03:33","date_gmt":"2021-09-24T11:03:33","guid":{"rendered":"http:\/\/kibrisdanismanim.com\/?page_id=174"},"modified":"2022-12-19T11:39:32","modified_gmt":"2022-12-19T11:39:32","slug":"kibrista-tatil","status":"publish","type":"page","link":"https:\/\/kibrisdanismanim.com\/?page_id=174","title":{"rendered":"KIBRIS&#8217;TA TAT\u0130L"},"content":{"rendered":"<h1 style=\"text-align: center;\">K\u0131br\u0131s&#8217;ta Tatil<\/h1>\n<p style=\"text-align: left;\">Akdenizin y\u00fckselen de\u011feri KKTC, adeta bir turizm cennetidir. Caretta caretta kaplumba\u011falar\u0131n\u0131n evi olan tertemiz sahilleri, her \u015fehre yay\u0131lm\u0131\u015f, her zevke hitap eden otelleri, tarihi yap\u0131s\u0131 ve el de\u011fmemi\u015f do\u011fas\u0131, rengarenk gece ya\u015fam\u0131yla KKTC bir \u00e7ok s\u0131radan tatil y\u00f6resinden farkl\u0131 bir tecr\u00fcbedir.<\/p>\n<p style=\"text-align: left;\">Girne \u015fehri otel \u00e7e\u015fitlili\u011fi, gece e\u011flenceleri, tertemiz sahilleri, tarihi zenginli\u011fiyle en \u00e7ok tercih edilen turizm kentidir.<\/p>\n<p style=\"text-align: left;\"><img loading=\"lazy\" decoding=\"async\" class=\"wp-image-349 aligncenter\" src=\"http:\/\/kibrisdanismanim.com\/wp-content\/uploads\/2021\/09\/cratos-premium-hotel-300x200.jpg\" alt=\"\" width=\"798\" height=\"532\" srcset=\"https:\/\/kibrisdanismanim.com\/wp-content\/uploads\/2021\/09\/cratos-premium-hotel-300x200.jpg 300w, https:\/\/kibrisdanismanim.com\/wp-content\/uploads\/2021\/09\/cratos-premium-hotel.jpg 550w\" sizes=\"auto, (max-width: 798px) 100vw, 798px\" \/><\/p>\n<p style=\"text-align: left;\">Gazima\u011fusa kentine ba\u011fl\u0131 Bafra oteller b\u00f6lgesi ve iskele b\u00f6lgesindeki kilometrelerce uzunlu\u011fundaki long beach de tatilciler a\u00e7\u0131s\u0131ndan y\u00fckselen de\u011ferlerdir.<\/p>\n<p style=\"text-align: left;\">Do\u011fa turizmi merakl\u0131lar\u0131na en \u00e7ok hitap eden tatil y\u00f6resi karpazd\u0131r. El de\u011fmemi\u015f do\u011fas\u0131 ve alt\u0131n kumlar\u0131yla Karpaz mutlaka g\u00f6r\u00fclmesi gereken adan\u0131n en u\u00e7 noktas\u0131d\u0131r.<\/p>\n<p style=\"text-align: left;\">Sahilde bir bungalow ya da Butik otellerden birini, ya da \u00f6zel iskelelere kurulmu\u015f bir maldive evinde konaklayabilir ya da dev su kayd\u0131raklar\u0131yla be\u015f y\u0131ld\u0131zl\u0131 bir casino otelini se\u00e7ebilirsiniz.<\/p>\n<p style=\"text-align: left;\"><img loading=\"lazy\" decoding=\"async\" class=\"wp-image-359 aligncenter\" src=\"http:\/\/kibrisdanismanim.com\/wp-content\/uploads\/2021\/09\/g4-300x181.jpg\" alt=\"\" width=\"834\" height=\"503\" srcset=\"https:\/\/kibrisdanismanim.com\/wp-content\/uploads\/2021\/09\/g4-300x181.jpg 300w, https:\/\/kibrisdanismanim.com\/wp-content\/uploads\/2021\/09\/g4-1024x617.jpg 1024w, https:\/\/kibrisdanismanim.com\/wp-content\/uploads\/2021\/09\/g4-768x463.jpg 768w, https:\/\/kibrisdanismanim.com\/wp-content\/uploads\/2021\/09\/g4-1536x925.jpg 1536w, https:\/\/kibrisdanismanim.com\/wp-content\/uploads\/2021\/09\/g4-2048x1234.jpg 2048w\" sizes=\"auto, (max-width: 834px) 100vw, 834px\" \/><\/p>\n<p style=\"text-align: left;\">\u0130ste\u011finize g\u00f6re \u00f6zel ve en d\u00fc\u015f\u00fck fiyatlarla tatil rezerve etmek, ileri soru ve g\u00f6r\u00fc\u015fleriniz i\u00e7in hemen \u015fimdi Toros YALKIN 05428736526 no lu whatsap hatt\u0131ndan dan\u0131\u015fman\u0131n\u0131z Ozan Kaya&#8217;ya mesaj g\u00f6nderebilirsiniz.<\/p>\n<p style=\"text-align: center;\"><strong>K\u0131br\u0131sta Gece hayat\u0131, E\u011flence, Casino.<\/strong><\/p>\n<p style=\"text-align: left;\">Akdenizin y\u00fckselen de\u011feri KKTC, \u00fcnl\u00fc isimlerin konserleri, Casinolar\u0131, \u00f6zel dans kul\u00fcpleri, canl\u0131 m\u00fczik barlar\u0131 ve discolar\u0131yla renkli bir gece ya\u015fam\u0131na sahiptir.<\/p>\n<p style=\"text-align: left;\">\u00c7o\u011funlukla otellere ba\u011fl\u0131 ama d\u0131\u015far\u0131dan da misafir kabul edilen populer clublar dans ve e\u011flencenin merkezi konumundad\u0131r.<\/p>\n<p style=\"text-align: left;\">\u015eans\u0131n\u0131 denemek isteyenler i\u00e7in, \u00fccretsiz yeme i\u00e7me ikramlar\u0131yla Casinolar ada gece hayat\u0131na renklilik katmaktad\u0131r.<br \/>\nCasino k\u00fclt\u00fcr\u00fc ya da gece e\u011flenceleri i\u00e7in detayl\u0131 bilgi veya rezervasyon i\u00e7in hemen \u015fimdi Toros YALKIN 05428736526 no lu whatsap hatt\u0131na mesaj g\u00f6nderebilirsiniz.<\/p>\n<p style=\"text-align: center;\"><strong>K\u0131br\u0131sta yeme i\u00e7me<\/strong><\/p>\n<p style=\"text-align: left;\">Akdenizin y\u00fckselen de\u011feri KKTC&#8217;de yeme i\u00e7me k\u00fclt\u00fcr\u00fc a\u00e7\u0131s\u0131ndan son derece geni\u015f bir yelpazeye sahiptir. Yemek k\u00fclt\u00fcr\u00fc Ada \u00fclkesi olmas\u0131na ra\u011fmen san\u0131ld\u0131\u011f\u0131 gibi deniz \u00fcr\u00fcnleri ile s\u0131n\u0131rl\u0131 de\u011fildir.<\/p>\n<p style=\"text-align: left;\">En populer yemeklerinden biri &#8220;Kleftiko&#8221; H\u0131rs\u0131z kebab\u0131 ad\u0131yla da bilinen f\u0131r\u0131n kebab\u0131d\u0131r ve kuzu etiyle yap\u0131lmaktad\u0131r. Bu \u00fcr\u00fcn\u00fc adan\u0131n hemen her yerinde bulabilirsiniz. Bir di\u011fer pop\u00fcler olan\u0131 da kuzu i\u00e7ya\u011f\u0131na sar\u0131l\u0131 bir k\u00f6fte \u00e7e\u015fidi olan &#8220;\u015eeftali Kebab\u0131&#8221;d\u0131r.<\/p>\n<p style=\"text-align: left;\"><img loading=\"lazy\" decoding=\"async\" class=\"wp-image-368 aligncenter\" src=\"http:\/\/kibrisdanismanim.com\/wp-content\/uploads\/2021\/09\/kibris-seftali-kebabi-300x200.jpg\" alt=\"\" width=\"914\" height=\"609\" srcset=\"https:\/\/kibrisdanismanim.com\/wp-content\/uploads\/2021\/09\/kibris-seftali-kebabi-300x200.jpg 300w, https:\/\/kibrisdanismanim.com\/wp-content\/uploads\/2021\/09\/kibris-seftali-kebabi-1024x683.jpg 1024w, https:\/\/kibrisdanismanim.com\/wp-content\/uploads\/2021\/09\/kibris-seftali-kebabi-768x512.jpg 768w, https:\/\/kibrisdanismanim.com\/wp-content\/uploads\/2021\/09\/kibris-seftali-kebabi-1536x1024.jpg 1536w, https:\/\/kibrisdanismanim.com\/wp-content\/uploads\/2021\/09\/kibris-seftali-kebabi.jpg 1920w\" sizes=\"auto, (max-width: 914px) 100vw, 914px\" \/><\/p>\n<p style=\"text-align: left;\">Girne, Ma\u011fusa, Lefkosa, G\u00fczelyurt, Lefke hemen t\u00fcm kentlerde a\u011f\u0131rl\u0131kl\u0131 olarak meze restoranlar\u0131 bulunmaktad\u0131r. Bu restaurantlarda fix menu uygulamas\u0131 yayg\u0131nd\u0131r.<\/p>\n<p style=\"text-align: left;\">Ortalama 3000-450 tl aras\u0131 fix menulerde en az 15 cesit farkl\u0131 k\u0131br\u0131s mezesi, ara s\u0131caklar ve ana yemek sunulmaktad\u0131r.<\/p>\n<p style=\"text-align: left;\"><img loading=\"lazy\" decoding=\"async\" class=\"wp-image-372 aligncenter\" src=\"http:\/\/kibrisdanismanim.com\/wp-content\/uploads\/2021\/09\/OPA-17-1-300x201.jpg\" alt=\"\" width=\"845\" height=\"566\" srcset=\"https:\/\/kibrisdanismanim.com\/wp-content\/uploads\/2021\/09\/OPA-17-1-300x201.jpg 300w, https:\/\/kibrisdanismanim.com\/wp-content\/uploads\/2021\/09\/OPA-17-1-768x514.jpg 768w, https:\/\/kibrisdanismanim.com\/wp-content\/uploads\/2021\/09\/OPA-17-1.jpg 770w\" sizes=\"auto, (max-width: 845px) 100vw, 845px\" \/><\/p>\n<p style=\"text-align: left;\">Vejeteryanlar i\u00e7in Ada yeme i\u00e7me k\u00fclt\u00fcr\u00fc adeta bir cennettir. Adaya \u00f6zg\u00fc Mulahiya otu, hostes, gabbar ve onlarca ottan yap\u0131lan farkl\u0131 mezeleri denemenizi \u00f6neririz. En bilinen yerler yerine en lezzetli ve \u00f6zel restaurantlar bilgisine eri\u015fmek i\u00e7in, rezervasyon ya da bilgi almak i\u00e7in hemen \u015fimdi Toros YALKIN 05428736526 no lu whatsap hatt\u0131na mesaj g\u00f6nderebilirsiniz.<\/p>\n<p style=\"text-align: center;\"><strong>K\u0131br\u0131sta Spa, Masaj, Hamam<\/strong><\/p>\n<p style=\"text-align: left;\">Akdenizin y\u00fckselen de\u011feri KKTC&#8217;de gecirdi\u011finiz tatilinizde rahatlamak ve kendinizi \u015f\u0131martmak istedi\u011finizde bir \u00e7ok se\u00e7enek mevcuttur.<br \/>\nLefkosada devlet hamam\u0131, Girne de \u00e7ar\u015f\u0131 i\u00e7erisinde \u00f6zel bir hamam bulunmaktadir. Masaj, aroma terapi, spa salonlar\u0131 geni\u015f se\u00e7enekleriyle misafirlerini beklemektedir.<\/p>\n<p style=\"text-align: left;\"><img loading=\"lazy\" decoding=\"async\" class=\"wp-image-378 aligncenter\" src=\"http:\/\/kibrisdanismanim.com\/wp-content\/uploads\/2021\/09\/ayurvedic-massage-1-300x199.jpg\" alt=\"\" width=\"831\" height=\"551\" srcset=\"https:\/\/kibrisdanismanim.com\/wp-content\/uploads\/2021\/09\/ayurvedic-massage-1-300x199.jpg 300w, https:\/\/kibrisdanismanim.com\/wp-content\/uploads\/2021\/09\/ayurvedic-massage-1-1024x680.jpg 1024w, https:\/\/kibrisdanismanim.com\/wp-content\/uploads\/2021\/09\/ayurvedic-massage-1-768x510.jpg 768w, https:\/\/kibrisdanismanim.com\/wp-content\/uploads\/2021\/09\/ayurvedic-massage-1-1536x1020.jpg 1536w, https:\/\/kibrisdanismanim.com\/wp-content\/uploads\/2021\/09\/ayurvedic-massage-1.jpg 1920w\" sizes=\"auto, (max-width: 831px) 100vw, 831px\" \/><br \/>\nBe\u015f y\u0131ld\u0131zl\u0131 otellerde konaklaman\u0131z halinde bu otellerinde i\u00e7erisinde bulunan bu servislerden faydalanabilirsiniz.<br \/>\nHamam Spa masaj salonlar\u0131 hakk\u0131nda ileri bilgi almak ve rezervasyon yapt\u0131rmak i\u00e7in hemen \u015fimdi Toros YALKIN 05428736526 no lu whatsap hatt\u0131na mesaj g\u00f6nderebilirsiniz.<\/p>\n<p style=\"text-align: center;\"><strong>K\u0131br\u0131sta Gezilecek g\u00f6r\u00fclecek yerler<\/strong><\/p>\n<p style=\"text-align: left;\">Akdenizin y\u00fckselen de\u011feri KKTC san\u0131lan\u0131n aksine Otel ve Casinolardan ibaret de\u011fildir. Ada kendi i\u00e7inde dev bir tarihi mirasa sahiptir. A\u015fa\u011f\u0131da sadece ba\u015fl\u0131klar olarak bile uzun bir liste bulacaks\u0131n\u0131z.<\/p>\n<p><img loading=\"lazy\" decoding=\"async\" class=\"wp-image-380 aligncenter\" src=\"http:\/\/kibrisdanismanim.com\/wp-content\/uploads\/2021\/09\/hilarion-300x200.jpg\" alt=\"\" width=\"849\" height=\"566\" srcset=\"https:\/\/kibrisdanismanim.com\/wp-content\/uploads\/2021\/09\/hilarion-300x200.jpg 300w, https:\/\/kibrisdanismanim.com\/wp-content\/uploads\/2021\/09\/hilarion-1024x684.jpg 1024w, https:\/\/kibrisdanismanim.com\/wp-content\/uploads\/2021\/09\/hilarion-768x513.jpg 768w, https:\/\/kibrisdanismanim.com\/wp-content\/uploads\/2021\/09\/hilarion.jpg 1200w\" sizes=\"auto, (max-width: 849px) 100vw, 849px\" \/><\/p>\n<p style=\"text-align: left;\">Orta\u00e7a\u011f d\u00f6nemine ait St. Hilarion &#8211; Buffavento Kaleleri &#8211; Barbarl\u0131k M\u00fczesi &#8211; Kapal\u0131 Mara\u015f &#8211; Ma\u011fusa Kalesi &#8211; Lala Pa\u015fa Cami &#8211; Mavi K\u00f6\u015fk &#8211; Karpaz Alt\u0131n Kum &#8211; Roma D\u00f6nemi Salamis Harabeleri &#8211; Girne Kalesi ve i\u00e7erisinde bulunan deniz m\u00fczesi. Othello Kalesi, yeni Bo\u011fazi\u00e7i&#8217;nde ve Girnede Kral mezarlar\u0131 Sen Barnabas M\u00fczesi, G\u00fczelyurt b\u00f6lgesinde Aziz mamas Kilisesi ve ikona M\u00fczesiLefke&#8217;de tarihi solea Harabeleri, Karpaz&#8217;da Aziz Toros Manast\u0131r\u0131 ve daha bir \u00e7ok tarih ve k\u00fclt\u00fcr mekan\u0131 misafirlerini kabul etmektedir.<\/p>\n<p style=\"text-align: left;\">T\u00fcm tur organizasyonlar\u0131 ve ileri sorular\u0131n\u0131z i\u00e7in hemen \u015fimdi Toros YALKIN 05428736526 lu whatsap hatt\u0131na mesaj g\u00f6nderebilirsiniz.<\/p>\n<p style=\"text-align: left;\">\n","protected":false},"excerpt":{"rendered":"<p>K\u0131br\u0131s&#8217;ta Tatil Akdenizin y\u00fckselen de\u011feri KKTC, adeta bir turizm cennetidir. Caretta caretta kaplumba\u011falar\u0131n\u0131n evi olan tertemiz sahilleri, her \u015fehre yay\u0131lm\u0131\u015f, her zevke hitap eden otelleri, tarihi yap\u0131s\u0131 ve el de\u011fmemi\u015f do\u011fas\u0131, rengarenk gece ya\u015fam\u0131yla KKTC bir \u00e7ok s\u0131radan tatil y\u00f6resinden farkl\u0131 bir tecr\u00fcbedir. Girne \u015fehri otel \u00e7e\u015fitlili\u011fi, gece e\u011flenceleri, tertemiz sahilleri, tarihi zenginli\u011fiyle en \u00e7ok [&hellip;]<\/p>\n","protected":false},"author":1,"featured_media":0,"parent":0,"menu_order":0,"comment_status":"closed","ping_status":"closed","template":"","meta":{"_monsterinsights_skip_tracking":false,"_monsterinsights_sitenote_active":false,"_monsterinsights_sitenote_note":"","_monsterinsights_sitenote_category":0,"footnotes":""},"class_list":["post-174","page","type-page","status-publish","hentry"],"_links":{"self":[{"href":"https:\/\/kibrisdanismanim.com\/index.php?rest_route=\/wp\/v2\/pages\/174","targetHints":{"allow":["GET"]}}],"collection":[{"href":"https:\/\/kibrisdanismanim.com\/index.php?rest_route=\/wp\/v2\/pages"}],"about":[{"href":"https:\/\/kibrisdanismanim.com\/index.php?rest_route=\/wp\/v2\/types\/page"}],"author":[{"embeddable":true,"href":"https:\/\/kibrisdanismanim.com\/index.php?rest_route=\/wp\/v2\/users\/1"}],"replies":[{"embeddable":true,"href":"https:\/\/kibrisdanismanim.com\/index.php?rest_route=%2Fwp%2Fv2%2Fcomments&post=174"}],"version-history":[{"count":32,"href":"https:\/\/kibrisdanismanim.com\/index.php?rest_route=\/wp\/v2\/pages\/174\/revisions"}],"predecessor-version":[{"id":648,"href":"https:\/\/kibrisdanismanim.com\/index.php?rest_route=\/wp\/v2\/pages\/174\/revisions\/648"}],"wp:attachment":[{"href":"https:\/\/kibrisdanismanim.com\/index.php?rest_route=%2Fwp%2Fv2%2Fmedia&parent=174"}],"curies":[{"name":"wp","href":"https:\/\/api.w.org\/{rel}","templated":true}]}}