{"id":170,"date":"2021-09-24T10:59:29","date_gmt":"2021-09-24T10:59:29","guid":{"rendered":"http:\/\/kibrisdanismanim.com\/?page_id=170"},"modified":"2022-12-19T11:40:03","modified_gmt":"2022-12-19T11:40:03","slug":"kibrista-egitim","status":"publish","type":"page","link":"https:\/\/kibrisdanismanim.com\/?page_id=170","title":{"rendered":"K\u0131br\u0131s&#8217;ta E\u011fitim"},"content":{"rendered":"<p>&nbsp;<\/p>\n<h1 style=\"text-align: center;\">Kuzey K\u0131br\u0131s&#8217;ta E\u011fitim<\/h1>\n<p>Akdenizin y\u00fckselen de\u011feri KKTC&#8217;de e\u011fitim en g\u00fc\u00e7l\u00fc alanlardan biri. T\u00fcm KKTC \u015fehirlerine yay\u0131lm\u0131\u015f onlarca \u00fcniversite y\u00fcksek standartlarda e\u011fitim imkan\u0131 sunmakta.<\/p>\n<p>Do\u011fu Akdeniz, Girne Amerikan, Yak\u0131ndo\u011fu, Final \u00dcniversitesi gibi \u00fcniversiteler en bilinenleri. Y\u0131ll\u0131k e\u011fitim \u00fccretleri \u00fccretleri bilgisi i\u00e7in Toros YALKIN 05428736526 numaral\u0131 whatsapp hatt\u0131m\u0131za mesaj g\u00f6nderebilirsiniz.<\/p>\n<p><img loading=\"lazy\" decoding=\"async\" class=\"wp-image-346 aligncenter\" src=\"http:\/\/kibrisdanismanim.com\/wp-content\/uploads\/2021\/09\/Education-1-300x169.jpg\" alt=\"\" width=\"852\" height=\"480\" srcset=\"https:\/\/kibrisdanismanim.com\/wp-content\/uploads\/2021\/09\/Education-1-300x169.jpg 300w, https:\/\/kibrisdanismanim.com\/wp-content\/uploads\/2021\/09\/Education-1-1024x576.jpg 1024w, https:\/\/kibrisdanismanim.com\/wp-content\/uploads\/2021\/09\/Education-1-768x432.jpg 768w, https:\/\/kibrisdanismanim.com\/wp-content\/uploads\/2021\/09\/Education-1.jpg 1090w\" sizes=\"auto, (max-width: 852px) 100vw, 852px\" \/><\/p>\n<p>\u00dcniversiteler kendi yurt imkanlar\u0131n\u0131 da sunmakta. Ayr\u0131ca \u00fcniversite \u00e7evresinde konutla\u015fma yo\u011fun bu da \u00f6\u011frencilere \u00e7e\u015fitli kalacak ev imkan\u0131n\u0131 da sa\u011flamakta.<\/p>\n<p>\u00dcniversitelerin kataloglar\u0131na ula\u015fmak ve ileri soru ve g\u00f6r\u00fc\u015fleriniz i\u00e7in 7 g\u00fcn 24 saat dakikalar i\u00e7erisinde \u00fccretsiz olarak size yard\u0131mc\u0131 olacak whatsap hatt\u0131nda dan\u0131\u015fman\u0131n\u0131z sizi bekliyor olacak.<\/p>\n<p>Hemen \u015fimdi Toros YALKIN 05428736526 no lu whatsap hatt\u0131na mesaj g\u00f6nderebilirsiniz.<\/p>\n","protected":false},"excerpt":{"rendered":"<p>&nbsp; Kuzey K\u0131br\u0131s&#8217;ta E\u011fitim Akdenizin y\u00fckselen de\u011feri KKTC&#8217;de e\u011fitim en g\u00fc\u00e7l\u00fc alanlardan biri. T\u00fcm KKTC \u015fehirlerine yay\u0131lm\u0131\u015f onlarca \u00fcniversite y\u00fcksek standartlarda e\u011fitim imkan\u0131 sunmakta. Do\u011fu Akdeniz, Girne Amerikan, Yak\u0131ndo\u011fu, Final \u00dcniversitesi gibi \u00fcniversiteler en bilinenleri. Y\u0131ll\u0131k e\u011fitim \u00fccretleri \u00fccretleri bilgisi i\u00e7in Toros YALKIN 05428736526 numaral\u0131 whatsapp hatt\u0131m\u0131za mesaj g\u00f6nderebilirsiniz. \u00dcniversiteler kendi yurt imkanlar\u0131n\u0131 da sunmakta. [&hellip;]<\/p>\n","protected":false},"author":1,"featured_media":0,"parent":0,"menu_order":0,"comment_status":"closed","ping_status":"closed","template":"","meta":{"_monsterinsights_skip_tracking":false,"_monsterinsights_sitenote_active":false,"_monsterinsights_sitenote_note":"","_monsterinsights_sitenote_category":0,"footnotes":""},"class_list":["post-170","page","type-page","status-publish","hentry"],"_links":{"self":[{"href":"https:\/\/kibrisdanismanim.com\/index.php?rest_route=\/wp\/v2\/pages\/170","targetHints":{"allow":["GET"]}}],"collection":[{"href":"https:\/\/kibrisdanismanim.com\/index.php?rest_route=\/wp\/v2\/pages"}],"about":[{"href":"https:\/\/kibrisdanismanim.com\/index.php?rest_route=\/wp\/v2\/types\/page"}],"author":[{"embeddable":true,"href":"https:\/\/kibrisdanismanim.com\/index.php?rest_route=\/wp\/v2\/users\/1"}],"replies":[{"embeddable":true,"href":"https:\/\/kibrisdanismanim.com\/index.php?rest_route=%2Fwp%2Fv2%2Fcomments&post=170"}],"version-history":[{"count":11,"href":"https:\/\/kibrisdanismanim.com\/index.php?rest_route=\/wp\/v2\/pages\/170\/revisions"}],"predecessor-version":[{"id":649,"href":"https:\/\/kibrisdanismanim.com\/index.php?rest_route=\/wp\/v2\/pages\/170\/revisions\/649"}],"wp:attachment":[{"href":"https:\/\/kibrisdanismanim.com\/index.php?rest_route=%2Fwp%2Fv2%2Fmedia&parent=170"}],"curies":[{"name":"wp","href":"https:\/\/api.w.org\/{rel}","templated":true}]}}