{"id":163,"date":"2021-09-24T10:19:24","date_gmt":"2021-09-24T10:19:24","guid":{"rendered":"http:\/\/kibrisdanismanim.com\/?page_id=163"},"modified":"2022-12-21T10:07:05","modified_gmt":"2022-12-21T10:07:05","slug":"kibrista-emlak","status":"publish","type":"page","link":"https:\/\/kibrisdanismanim.com\/?page_id=163","title":{"rendered":"K\u0131br\u0131s&#8217;ta F\u0131rsat Emlak"},"content":{"rendered":"<p>&nbsp;<\/p>\n<h1 style=\"text-align: center;\"><strong>K\u0131br\u0131s&#8217;ta F\u0131rsat Emlak<\/strong><\/h1>\n<p>Kuzey K\u0131br\u0131s emlak alan\u0131nda son y\u0131llarda y\u00fckseli\u015fe ge\u00e7mi\u015f bir \u00fclkedir. Bunun nedenleri, t\u00fcm y\u0131l s\u00fcren g\u00fcne\u015fli iklimi, enfes plajlar\u0131 ve halen bakir olan do\u011fas\u0131, sterlin baz\u0131nda s\u00fcrekli de\u011feri artan yeni turizm b\u00f6lgelerinde yap\u0131lan emlak projeleri ve d\u00fcnyan\u0131n\u0131n her gelen yabanc\u0131 yat\u0131r\u0131mc\u0131lar, tatilciler ve airbnb kullanan turistlerin adaya g\u00f6sterdi\u011fi ilgidir.<\/p>\n<p>D\u00fcnyan\u0131n en sayg\u0131n ekonomi dergilerinden biri olan Forbes verilerine g\u00f6re\u00a0 2021\u00a0 y\u0131l\u0131nda d\u00fcnyada yat\u0131r\u0131m yap\u0131labilecek tatil destinasyonlar\u0131nda birinci s\u0131rada Kuzey K\u0131br\u0131s \/ \u0130skele b\u00f6lgesi g\u00f6sterilmi\u015ftir. Yaz\u0131n\u0131n linki a\u015fa\u011f\u0131dad\u0131r\u00a0 :<\/p>\n<h5><span style=\"color: #ff6600;\"><a style=\"color: #ff6600;\" href=\"https:\/\/www.forbes.com\/sites\/kathleenpeddicord\/2021\/02\/05\/5-best-beachfront-buys-for-2021\/?sh=3cc73a073b76\"><strong>Yaz\u0131n\u0131n Linki \u0130\u00e7in T\u0131klay\u0131n\u0131z<\/strong><\/a><\/span><\/h5>\n<p>Kuzey K\u0131br\u0131s tam bir f\u0131rsatlar \u00fclkesidir. Biz dan\u0131\u015fman ekibimizle, yat\u0131r\u0131m i\u00e7in forbes dergisinin de \u00f6nerdi\u011fi Long Beach &#8211; \u0130skele b\u00f6lgesini \u00f6neriyoruz. Ma\u011fusaya ba\u011fl\u0131, havaalan\u0131na 30 dakika uzakl\u0131ktaki \u0130skele b\u00f6lgesi &#8220;Long Beach&#8221; isminde t\u00fcm b\u00f6lgeyi kaplayan 8 km kum sahiliyle adan\u0131n yak\u0131n gelecekteki yeni turizm merkezi olarak planlanmaktad\u0131r. \u0130n\u015faata d\u00f6nd\u00fc\u011f\u00fc anda bile y\u00fczde 15 e yak\u0131n de\u011fer kazanan projeler tatil evleri olarak\u00a0 da y\u00fczde 8 kira gelir oran\u0131yla verilebiliyor ve yat\u0131r\u0131m\u0131n\u0131z 6 y\u0131l i\u00e7erisinde kendisini tamamen \u00f6d\u00fcyor. Bu b\u00f6lgeden emlak sat\u0131n almak, K\u0131br\u0131s&#8217;ta bir ya da iki odal\u0131 bir otel almaya e\u015fde\u011fer.<\/p>\n<p>A\u015fa\u011f\u0131da sizin i\u00e7in se\u00e7ti\u011fimiz, K\u0131br\u0131s\u0131n en k\u00f6kl\u00fc ve g\u00fcvenilir in\u015faat firmalar\u0131 taraf\u0131ndan yap\u0131lan, yat\u0131r\u0131ml\u0131k emlak portf\u00f6ylerden baz\u0131lar\u0131n\u0131 bulabilirsiniz. Her t\u00fcr soru ve g\u00f6r\u00fc\u015fleriniz i\u00e7in Toros YALKIN 05428736526 nolu whatsapp hatt\u0131nan bize 7\/24 ula\u015fabilirsiniz.<\/p>\n<h2><span style=\"color: #ffffff;\"><strong><a style=\"color: #ffffff;\" href=\"http:\/\/www.merhabakibris.com\">KUZEY KIBRIS&#8217;TA EMLAK F\u0130YATLARI \u0130\u00c7\u0130N TIKLAYINIZ: www.merhabakibris.com<\/a><\/strong><\/span><\/h2>\n<p>&nbsp;<\/p>\n<h4><span style=\"color: #ff9900;\"><strong>FOUR SEASONS L\u0130FE\u00a0<\/strong><\/span><\/h4>\n<p><strong>KUZEY KIBRIS ISKELE B\u00d6LGES\u0130NDE DEN\u0130ZE SIFIR B\u0130R YA\u015eAM FIRSATI.<\/strong><\/p>\n<p>PROJEN\u0130N B\u0130R\u0130NC\u0130 ETABI ANAHTAR TESL\u0130M A\u015eAMASINDA OLUP \u00d6DEME VADES\u0130NE G\u00d6RE B\u0130R YIL- \u0130K\u0130 YIL SONRA TESL\u0130ME HAZIR OLACAK EVLER BULUNMAKTADIR.<\/p>\n<h1><span style=\"color: #ff0000;\"><span style=\"color: #ff9900;\"><strong>Proje : <\/strong><\/span><strong><span style=\"color: #ff9900;\">Four Seasons Life<\/span>\u00a0\u00a0<\/strong><\/span><\/h1>\n<p><strong>Lokasyon : Iskele Bo\u011faz\u0131 Kuzey K\u0131br\u0131s<\/strong><\/p>\n<p>\u00d6deme : <strong>50000 Sterlinden<\/strong> ba\u015flayan fiyatlar ve faizssiz dort y\u0131l ve bankas\u0131z taksit avantajlar\u0131 ile kolay \u00f6deme imkan\u0131<\/p>\n<p>Site \u00f6zellikleri : Otel konseptinde yap\u0131lm\u0131\u015f yat\u0131r\u0131ml\u0131k Studyo ve 1+1 olusan 500 daireden olu\u015fan bir tatil kompleksidir.<\/p>\n<p>Kayd\u0131rakl\u0131 olimpik havuzlar, y\u00fcr\u00fcy\u00fc\u015f parkurlar\u0131, spa, fitness ve spor alanlar\u0131. G\u00fcvenlikli giri\u015f, \u00f6zel kum plaj, beach bar, su sporlar\u0131, restaurant, market, kuaf\u00f6r ve cafeler.<\/p>\n\n\t\t<style type=\"text\/css\">\n\t\t\t#gallery-1 {\n\t\t\t\tmargin: auto;\n\t\t\t}\n\t\t\t#gallery-1 .gallery-item {\n\t\t\t\tfloat: left;\n\t\t\t\tmargin-top: 10px;\n\t\t\t\ttext-align: center;\n\t\t\t\twidth: 33%;\n\t\t\t}\n\t\t\t#gallery-1 img {\n\t\t\t\tborder: 2px solid #cfcfcf;\n\t\t\t}\n\t\t\t#gallery-1 .gallery-caption {\n\t\t\t\tmargin-left: 0;\n\t\t\t}\n\t\t\t\/* see gallery_shortcode() in wp-includes\/media.php *\/\n\t\t<\/style>\n\t\t<div id='gallery-1' class='gallery galleryid-163 gallery-columns-3 gallery-size-thumbnail'><dl class='gallery-item'>\n\t\t\t<dt class='gallery-icon landscape'>\n\t\t\t\t<a href='https:\/\/kibrisdanismanim.com\/?attachment_id=477'><img loading=\"lazy\" decoding=\"async\" width=\"150\" height=\"150\" src=\"https:\/\/kibrisdanismanim.com\/wp-content\/uploads\/2021\/10\/3_22-150x150.jpg\" class=\"attachment-thumbnail size-thumbnail\" alt=\"\" \/><\/a>\n\t\t\t<\/dt><\/dl><dl class='gallery-item'>\n\t\t\t<dt class='gallery-icon landscape'>\n\t\t\t\t<a href='https:\/\/kibrisdanismanim.com\/?attachment_id=476'><img loading=\"lazy\" decoding=\"async\" width=\"150\" height=\"150\" src=\"https:\/\/kibrisdanismanim.com\/wp-content\/uploads\/2021\/10\/2_19-150x150.jpg\" class=\"attachment-thumbnail size-thumbnail\" alt=\"\" \/><\/a>\n\t\t\t<\/dt><\/dl><dl class='gallery-item'>\n\t\t\t<dt class='gallery-icon landscape'>\n\t\t\t\t<a href='https:\/\/kibrisdanismanim.com\/?attachment_id=478'><img loading=\"lazy\" decoding=\"async\" width=\"150\" height=\"150\" src=\"https:\/\/kibrisdanismanim.com\/wp-content\/uploads\/2021\/10\/3_24-150x150.jpg\" class=\"attachment-thumbnail size-thumbnail\" alt=\"\" \/><\/a>\n\t\t\t<\/dt><\/dl><br style=\"clear: both\" \/><dl class='gallery-item'>\n\t\t\t<dt class='gallery-icon landscape'>\n\t\t\t\t<a href='https:\/\/kibrisdanismanim.com\/?attachment_id=484'><img loading=\"lazy\" decoding=\"async\" width=\"150\" height=\"150\" src=\"https:\/\/kibrisdanismanim.com\/wp-content\/uploads\/2021\/10\/Living-Room0006_Post-150x150.jpg\" class=\"attachment-thumbnail size-thumbnail\" alt=\"\" \/><\/a>\n\t\t\t<\/dt><\/dl><dl class='gallery-item'>\n\t\t\t<dt class='gallery-icon landscape'>\n\t\t\t\t<a href='https:\/\/kibrisdanismanim.com\/?attachment_id=483'><img loading=\"lazy\" decoding=\"async\" width=\"150\" height=\"150\" src=\"https:\/\/kibrisdanismanim.com\/wp-content\/uploads\/2021\/10\/Living-Room0004_Post-150x150.jpg\" class=\"attachment-thumbnail size-thumbnail\" alt=\"\" \/><\/a>\n\t\t\t<\/dt><\/dl><dl class='gallery-item'>\n\t\t\t<dt class='gallery-icon landscape'>\n\t\t\t\t<a href='https:\/\/kibrisdanismanim.com\/?attachment_id=482'><img loading=\"lazy\" decoding=\"async\" width=\"150\" height=\"150\" src=\"https:\/\/kibrisdanismanim.com\/wp-content\/uploads\/2021\/10\/Living-Room0002_Post-150x150.jpg\" class=\"attachment-thumbnail size-thumbnail\" alt=\"\" \/><\/a>\n\t\t\t<\/dt><\/dl><br style=\"clear: both\" \/><dl class='gallery-item'>\n\t\t\t<dt class='gallery-icon landscape'>\n\t\t\t\t<a href='https:\/\/kibrisdanismanim.com\/?attachment_id=481'><img loading=\"lazy\" decoding=\"async\" width=\"150\" height=\"150\" src=\"https:\/\/kibrisdanismanim.com\/wp-content\/uploads\/2021\/10\/Living-Room0001_Post-150x150.jpg\" class=\"attachment-thumbnail size-thumbnail\" alt=\"\" \/><\/a>\n\t\t\t<\/dt><\/dl><dl class='gallery-item'>\n\t\t\t<dt class='gallery-icon landscape'>\n\t\t\t\t<a href='https:\/\/kibrisdanismanim.com\/?attachment_id=480'><img loading=\"lazy\" decoding=\"async\" width=\"150\" height=\"150\" src=\"https:\/\/kibrisdanismanim.com\/wp-content\/uploads\/2021\/10\/Bedroom0000_Post-150x150.jpg\" class=\"attachment-thumbnail size-thumbnail\" alt=\"\" \/><\/a>\n\t\t\t<\/dt><\/dl><dl class='gallery-item'>\n\t\t\t<dt class='gallery-icon landscape'>\n\t\t\t\t<a href='https:\/\/kibrisdanismanim.com\/?attachment_id=479'><img loading=\"lazy\" decoding=\"async\" width=\"150\" height=\"150\" src=\"https:\/\/kibrisdanismanim.com\/wp-content\/uploads\/2021\/10\/Bathroom2-150x150.jpg\" class=\"attachment-thumbnail size-thumbnail\" alt=\"\" srcset=\"https:\/\/kibrisdanismanim.com\/wp-content\/uploads\/2021\/10\/Bathroom2-150x150.jpg 150w, https:\/\/kibrisdanismanim.com\/wp-content\/uploads\/2021\/10\/Bathroom2-300x300.jpg 300w, https:\/\/kibrisdanismanim.com\/wp-content\/uploads\/2021\/10\/Bathroom2-1024x1024.jpg 1024w, https:\/\/kibrisdanismanim.com\/wp-content\/uploads\/2021\/10\/Bathroom2-768x768.jpg 768w, https:\/\/kibrisdanismanim.com\/wp-content\/uploads\/2021\/10\/Bathroom2-1536x1536.jpg 1536w, https:\/\/kibrisdanismanim.com\/wp-content\/uploads\/2021\/10\/Bathroom2-2048x2048.jpg 2048w\" sizes=\"auto, (max-width: 150px) 100vw, 150px\" \/><\/a>\n\t\t\t<\/dt><\/dl><br style=\"clear: both\" \/>\n\t\t<\/div>\n\n<p>Sitemizde bulunan emlaklarla ilgili sorular\u0131n\u0131z i\u00e7in hemen Toros YALKIN 05428736526 no lu whatsapp hatt\u0131ndan ula\u015fabilirsiniz.<\/p>\n<p>&nbsp;<\/p>\n<h4><span style=\"color: #ff9900;\"><strong>ROYAL L\u0130FE RESIDENCE<\/strong><\/span><\/h4>\n<p><strong>KUZEY KIBRIS ISKELE B\u00d6LGES\u0130NDE DEN\u0130ZE D\u00d6RTY\u00dcZ METRE UZAKLIKTA KIBRISIN EN UZUN KUM SAH\u0130L\u0130 LONG BEACHTE YA\u015eAM FIRSATI. <\/strong><\/p>\n<p><strong>PROJE TAMAMLANMI\u015e ANAHTAR TESLIM A\u015eAMASINDADIR.<\/strong><\/p>\n<h1><span style=\"color: #ff9900;\"><strong>Proje : <\/strong><strong>Royal Life\u00a0 Residence<\/strong><\/span><\/h1>\n<p><strong>Lokasyon : Iskele Long Beach Kuzey K\u0131br\u0131s<\/strong><\/p>\n<p>\u00d6deme : <strong>52500 Sterlinden<\/strong> ba\u015flayan fiyatlar ve ev haz\u0131r oldu\u011fu i\u00e7in k\u0131sa d\u00f6nemde k\u0131sa taksitler bulunmaktad\u0131r.<\/p>\n<p>Site \u00f6zellikleri : Kayd\u0131rakl\u0131 olimpik havuzlar, y\u00fcr\u00fcy\u00fc\u015f parkurlar\u0131, spa, fitness, spor alanlar\u0131,\u00a0 restaurant, market, kuaf\u00f6r ve cafeler, kasap, bisiklet kiralama, \u0130skele Long Beach sahiline y\u00fcr\u00fcme mesafesindedir.<\/p>\n\n\t\t<style type=\"text\/css\">\n\t\t\t#gallery-2 {\n\t\t\t\tmargin: auto;\n\t\t\t}\n\t\t\t#gallery-2 .gallery-item {\n\t\t\t\tfloat: left;\n\t\t\t\tmargin-top: 10px;\n\t\t\t\ttext-align: center;\n\t\t\t\twidth: 33%;\n\t\t\t}\n\t\t\t#gallery-2 img {\n\t\t\t\tborder: 2px solid #cfcfcf;\n\t\t\t}\n\t\t\t#gallery-2 .gallery-caption {\n\t\t\t\tmargin-left: 0;\n\t\t\t}\n\t\t\t\/* see gallery_shortcode() in wp-includes\/media.php *\/\n\t\t<\/style>\n\t\t<div id='gallery-2' class='gallery galleryid-163 gallery-columns-3 gallery-size-thumbnail'><dl class='gallery-item'>\n\t\t\t<dt class='gallery-icon landscape'>\n\t\t\t\t<a href='https:\/\/kibrisdanismanim.com\/?attachment_id=501'><img loading=\"lazy\" decoding=\"async\" width=\"150\" height=\"150\" src=\"https:\/\/kibrisdanismanim.com\/wp-content\/uploads\/2021\/10\/256164472-150x150.jpg\" class=\"attachment-thumbnail size-thumbnail\" alt=\"\" \/><\/a>\n\t\t\t<\/dt><\/dl><dl class='gallery-item'>\n\t\t\t<dt class='gallery-icon landscape'>\n\t\t\t\t<a href='https:\/\/kibrisdanismanim.com\/?attachment_id=498'><img loading=\"lazy\" decoding=\"async\" width=\"150\" height=\"150\" src=\"https:\/\/kibrisdanismanim.com\/wp-content\/uploads\/2021\/10\/245649801-150x150.jpg\" class=\"attachment-thumbnail size-thumbnail\" alt=\"\" \/><\/a>\n\t\t\t<\/dt><\/dl><dl class='gallery-item'>\n\t\t\t<dt class='gallery-icon portrait'>\n\t\t\t\t<a href='https:\/\/kibrisdanismanim.com\/?attachment_id=494'><img loading=\"lazy\" decoding=\"async\" width=\"150\" height=\"150\" src=\"https:\/\/kibrisdanismanim.com\/wp-content\/uploads\/2021\/10\/245626131-150x150.jpg\" class=\"attachment-thumbnail size-thumbnail\" alt=\"\" \/><\/a>\n\t\t\t<\/dt><\/dl><br style=\"clear: both\" \/><dl class='gallery-item'>\n\t\t\t<dt class='gallery-icon landscape'>\n\t\t\t\t<a href='https:\/\/kibrisdanismanim.com\/?attachment_id=499'><img loading=\"lazy\" decoding=\"async\" width=\"150\" height=\"150\" src=\"https:\/\/kibrisdanismanim.com\/wp-content\/uploads\/2021\/10\/247257314-150x150.jpg\" class=\"attachment-thumbnail size-thumbnail\" alt=\"\" srcset=\"https:\/\/kibrisdanismanim.com\/wp-content\/uploads\/2021\/10\/247257314-150x150.jpg 150w, https:\/\/kibrisdanismanim.com\/wp-content\/uploads\/2021\/10\/247257314-300x300.jpg 300w, https:\/\/kibrisdanismanim.com\/wp-content\/uploads\/2021\/10\/247257314.jpg 768w\" sizes=\"auto, (max-width: 150px) 100vw, 150px\" \/><\/a>\n\t\t\t<\/dt><\/dl><dl class='gallery-item'>\n\t\t\t<dt class='gallery-icon landscape'>\n\t\t\t\t<a href='https:\/\/kibrisdanismanim.com\/?attachment_id=497'><img loading=\"lazy\" decoding=\"async\" width=\"150\" height=\"150\" src=\"https:\/\/kibrisdanismanim.com\/wp-content\/uploads\/2021\/10\/245644964-150x150.jpg\" class=\"attachment-thumbnail size-thumbnail\" alt=\"\" \/><\/a>\n\t\t\t<\/dt><\/dl><dl class='gallery-item'>\n\t\t\t<dt class='gallery-icon landscape'>\n\t\t\t\t<a href='https:\/\/kibrisdanismanim.com\/?attachment_id=492'><img loading=\"lazy\" decoding=\"async\" width=\"150\" height=\"150\" src=\"https:\/\/kibrisdanismanim.com\/wp-content\/uploads\/2021\/10\/243895384-150x150.jpg\" class=\"attachment-thumbnail size-thumbnail\" alt=\"\" \/><\/a>\n\t\t\t<\/dt><\/dl><br style=\"clear: both\" \/><dl class='gallery-item'>\n\t\t\t<dt class='gallery-icon landscape'>\n\t\t\t\t<a href='https:\/\/kibrisdanismanim.com\/?attachment_id=495'><img loading=\"lazy\" decoding=\"async\" width=\"150\" height=\"150\" src=\"https:\/\/kibrisdanismanim.com\/wp-content\/uploads\/2021\/10\/245644873-150x150.jpg\" class=\"attachment-thumbnail size-thumbnail\" alt=\"\" \/><\/a>\n\t\t\t<\/dt><\/dl><dl class='gallery-item'>\n\t\t\t<dt class='gallery-icon landscape'>\n\t\t\t\t<a href='https:\/\/kibrisdanismanim.com\/?attachment_id=496'><img loading=\"lazy\" decoding=\"async\" width=\"150\" height=\"150\" src=\"https:\/\/kibrisdanismanim.com\/wp-content\/uploads\/2021\/10\/245644892-150x150.jpg\" class=\"attachment-thumbnail size-thumbnail\" alt=\"\" \/><\/a>\n\t\t\t<\/dt><\/dl><dl class='gallery-item'>\n\t\t\t<dt class='gallery-icon landscape'>\n\t\t\t\t<a href='https:\/\/kibrisdanismanim.com\/?attachment_id=493'><img loading=\"lazy\" decoding=\"async\" width=\"150\" height=\"150\" src=\"https:\/\/kibrisdanismanim.com\/wp-content\/uploads\/2021\/10\/243900074-150x150.jpg\" class=\"attachment-thumbnail size-thumbnail\" alt=\"\" \/><\/a>\n\t\t\t<\/dt><\/dl><br style=\"clear: both\" \/>\n\t\t<\/div>\n\n<p>Sitemizde bulunan emlaklarla ilgili sorular\u0131n\u0131z i\u00e7in hemen Toros YALKIN 05428736526 no lu whatsapp hatt\u0131ndan\u00a0 ula\u015fabilirsiniz.<\/p>\n<p>&nbsp;<\/p>\n<h4><span style=\"color: #ff9900;\"><strong>PANAROMA LONG BEACH RESIDENCE<\/strong><\/span><\/h4>\n<p><strong>KUZEY KIBRIS ISKELE B\u00d6LGES\u0130NDE DEN\u0130ZE 150 METRE UZAKLIKTA KIBRISIN EN UZUN KUM SAH\u0130L\u0130 LONG BEACHTE YA\u015eAM FIRSATI. <\/strong><\/p>\n<p><strong>PROJE HEN\u00dcZ YAPIM A\u015eAMASINDA OLUP, ESNEK \u00d6DEME KO\u015eULLARINA SAH\u0130PT\u0130R.<\/strong><\/p>\n<h1><span style=\"color: #ff9900;\"><strong>Proje : <\/strong><strong>Panaroma Long Beach Residence<\/strong><\/span><\/h1>\n<p><strong>Lokasyon : Iskele Long Beach Kuzey K\u0131br\u0131s<\/strong><\/p>\n<p>\u00d6deme : <strong>65000 Sterlinden<\/strong> ba\u015flayan fiyatlar ve %30\u00a0 pe\u015finat ve uzun faizsiz \u015firkete \u00f6deme kolayl\u0131\u011f\u0131 bulunmaktad\u0131r.<\/p>\n<p>Site \u00f6zellikleri : Kayd\u0131rakl\u0131 olimpik havuzlar, spa, fitness, restaurant, market, kuaf\u00f6r ve cafeler, 24 saat resepsiyon hizmeti \u0130skele Long Beach sahiline y\u00fcr\u00fcme mesafesindedir.<\/p>\n\n\t\t<style type=\"text\/css\">\n\t\t\t#gallery-3 {\n\t\t\t\tmargin: auto;\n\t\t\t}\n\t\t\t#gallery-3 .gallery-item {\n\t\t\t\tfloat: left;\n\t\t\t\tmargin-top: 10px;\n\t\t\t\ttext-align: center;\n\t\t\t\twidth: 33%;\n\t\t\t}\n\t\t\t#gallery-3 img {\n\t\t\t\tborder: 2px solid #cfcfcf;\n\t\t\t}\n\t\t\t#gallery-3 .gallery-caption {\n\t\t\t\tmargin-left: 0;\n\t\t\t}\n\t\t\t\/* see gallery_shortcode() in wp-includes\/media.php *\/\n\t\t<\/style>\n\t\t<div id='gallery-3' class='gallery galleryid-163 gallery-columns-3 gallery-size-thumbnail'><dl class='gallery-item'>\n\t\t\t<dt class='gallery-icon landscape'>\n\t\t\t\t<a href='https:\/\/kibrisdanismanim.com\/?attachment_id=581'><img loading=\"lazy\" decoding=\"async\" width=\"150\" height=\"150\" src=\"https:\/\/kibrisdanismanim.com\/wp-content\/uploads\/2021\/10\/1630574049-613095e1068f25.90680175-150x150.jpeg\" class=\"attachment-thumbnail size-thumbnail\" alt=\"\" \/><\/a>\n\t\t\t<\/dt><\/dl><dl class='gallery-item'>\n\t\t\t<dt class='gallery-icon landscape'>\n\t\t\t\t<a href='https:\/\/kibrisdanismanim.com\/?attachment_id=583'><img loading=\"lazy\" decoding=\"async\" width=\"150\" height=\"150\" src=\"https:\/\/kibrisdanismanim.com\/wp-content\/uploads\/2021\/10\/o_1fd9vmcsi1t1r177tcdbav81lc639_1920_1080-150x150.jpeg\" class=\"attachment-thumbnail size-thumbnail\" alt=\"\" \/><\/a>\n\t\t\t<\/dt><\/dl><dl class='gallery-item'>\n\t\t\t<dt class='gallery-icon landscape'>\n\t\t\t\t<a href='https:\/\/kibrisdanismanim.com\/?attachment_id=578'><img loading=\"lazy\" decoding=\"async\" width=\"150\" height=\"150\" src=\"https:\/\/kibrisdanismanim.com\/wp-content\/uploads\/2021\/10\/1-150x150.jpg\" class=\"attachment-thumbnail size-thumbnail\" alt=\"\" \/><\/a>\n\t\t\t<\/dt><\/dl><br style=\"clear: both\" \/><dl class='gallery-item'>\n\t\t\t<dt class='gallery-icon landscape'>\n\t\t\t\t<a href='https:\/\/kibrisdanismanim.com\/?attachment_id=579'><img loading=\"lazy\" decoding=\"async\" width=\"150\" height=\"150\" src=\"https:\/\/kibrisdanismanim.com\/wp-content\/uploads\/2021\/10\/1_27-Foto-150x150.jpg\" class=\"attachment-thumbnail size-thumbnail\" alt=\"\" \/><\/a>\n\t\t\t<\/dt><\/dl><dl class='gallery-item'>\n\t\t\t<dt class='gallery-icon landscape'>\n\t\t\t\t<a href='https:\/\/kibrisdanismanim.com\/?attachment_id=584'><img loading=\"lazy\" decoding=\"async\" width=\"150\" height=\"150\" src=\"https:\/\/kibrisdanismanim.com\/wp-content\/uploads\/2021\/10\/sadas-150x150.jpg\" class=\"attachment-thumbnail size-thumbnail\" alt=\"\" \/><\/a>\n\t\t\t<\/dt><\/dl><dl class='gallery-item'>\n\t\t\t<dt class='gallery-icon landscape'>\n\t\t\t\t<a href='https:\/\/kibrisdanismanim.com\/?attachment_id=582'><img loading=\"lazy\" decoding=\"async\" width=\"150\" height=\"150\" src=\"https:\/\/kibrisdanismanim.com\/wp-content\/uploads\/2021\/10\/o_1fd9vmcsi1gle1ua8qg8o14hin3g_1920_1080-150x150.jpeg\" class=\"attachment-thumbnail size-thumbnail\" alt=\"\" \/><\/a>\n\t\t\t<\/dt><\/dl><br style=\"clear: both\" \/>\n\t\t<\/div>\n\n<p>Sitemizde bulunan emlaklarla ilgili sorular\u0131n\u0131z i\u00e7in hemen Toros YALKIN 05428736526 no lu whatsapp hatt\u0131ndan\u00a0 ula\u015fabilirsiniz.<\/p>\n<p>&nbsp;<\/p>\n<h4><span style=\"color: #ff9900;\"><strong>CAESAR CLIFF G\u0130RNE ESENTEPE<\/strong><\/span><\/h4>\n<p><strong>KUZEY KIBRIS G\u0130RNE ESENTEPE B\u00d6LGES\u0130NDE DEN\u0130ZE 300 METRE UZAKLIKTA, G\u0130RNEYE 20 DAK\u0130KA UZAKLIKTA YEPYEN\u0130 VE M\u00dcTH\u0130\u015e B\u0130R MANZARAYA SAH\u0130P PROJE.<\/strong><\/p>\n<p><strong>PROJE HEN\u00dcZ YAPIM A\u015eAMASINDA OLUP, ESNEK \u00d6DEME KO\u015eULLARINA SAH\u0130PT\u0130R.<\/strong><\/p>\n<h1><span style=\"color: #ff9900;\"><strong>Proje : <\/strong><strong>Caesar Cliff Girne Esentepe<\/strong><\/span><\/h1>\n<p><strong>Lokasyon : Girne Esentepe Kuzey K\u0131br\u0131s<\/strong><\/p>\n<p>\u00d6deme : <strong>44900 Sterlinden<\/strong> ba\u015flayan fiyatlar ve %30\u00a0 pe\u015finat ve uzun faizsiz \u015firkete \u00f6deme kolayl\u0131\u011f\u0131 bulunmaktad\u0131r. Bankas\u0131z \u015firkete \u00f6deme f\u0131rsat\u0131.<\/p>\n<p>Site \u00f6zellikleri : Kayd\u0131rakl\u0131 havuzlar, \u00e7ocuk havuzlar\u0131 , spa, fitness, restaurant, market, kuaf\u00f6r ve Cafe Paris 24 saat g\u00fcvenlik, ye\u015fil alanlar.<\/p>\n\n\t\t<style type=\"text\/css\">\n\t\t\t#gallery-4 {\n\t\t\t\tmargin: auto;\n\t\t\t}\n\t\t\t#gallery-4 .gallery-item {\n\t\t\t\tfloat: left;\n\t\t\t\tmargin-top: 10px;\n\t\t\t\ttext-align: center;\n\t\t\t\twidth: 33%;\n\t\t\t}\n\t\t\t#gallery-4 img {\n\t\t\t\tborder: 2px solid #cfcfcf;\n\t\t\t}\n\t\t\t#gallery-4 .gallery-caption {\n\t\t\t\tmargin-left: 0;\n\t\t\t}\n\t\t\t\/* see gallery_shortcode() in wp-includes\/media.php *\/\n\t\t<\/style>\n\t\t<div id='gallery-4' class='gallery galleryid-163 gallery-columns-3 gallery-size-thumbnail'><dl class='gallery-item'>\n\t\t\t<dt class='gallery-icon landscape'>\n\t\t\t\t<a href='https:\/\/kibrisdanismanim.com\/?attachment_id=588'><img loading=\"lazy\" decoding=\"async\" width=\"150\" height=\"150\" src=\"https:\/\/kibrisdanismanim.com\/wp-content\/uploads\/2021\/10\/2-150x150.jpg\" class=\"attachment-thumbnail size-thumbnail\" alt=\"\" \/><\/a>\n\t\t\t<\/dt><\/dl><dl class='gallery-item'>\n\t\t\t<dt class='gallery-icon landscape'>\n\t\t\t\t<a href='https:\/\/kibrisdanismanim.com\/?attachment_id=590'><img loading=\"lazy\" decoding=\"async\" width=\"150\" height=\"150\" src=\"https:\/\/kibrisdanismanim.com\/wp-content\/uploads\/2021\/10\/9-150x150.jpg\" class=\"attachment-thumbnail size-thumbnail\" alt=\"\" \/><\/a>\n\t\t\t<\/dt><\/dl><dl class='gallery-item'>\n\t\t\t<dt class='gallery-icon landscape'>\n\t\t\t\t<a href='https:\/\/kibrisdanismanim.com\/?attachment_id=592'><img loading=\"lazy\" decoding=\"async\" width=\"150\" height=\"150\" src=\"https:\/\/kibrisdanismanim.com\/wp-content\/uploads\/2021\/10\/Image3-150x150.png\" class=\"attachment-thumbnail size-thumbnail\" alt=\"\" \/><\/a>\n\t\t\t<\/dt><\/dl><br style=\"clear: both\" \/><dl class='gallery-item'>\n\t\t\t<dt class='gallery-icon landscape'>\n\t\t\t\t<a href='https:\/\/kibrisdanismanim.com\/?attachment_id=593'><img loading=\"lazy\" decoding=\"async\" width=\"150\" height=\"150\" src=\"https:\/\/kibrisdanismanim.com\/wp-content\/uploads\/2021\/10\/Image15_000-copy-150x150.png\" class=\"attachment-thumbnail size-thumbnail\" alt=\"\" \/><\/a>\n\t\t\t<\/dt><\/dl><dl class='gallery-item'>\n\t\t\t<dt class='gallery-icon landscape'>\n\t\t\t\t<a href='https:\/\/kibrisdanismanim.com\/?attachment_id=594'><img loading=\"lazy\" decoding=\"async\" width=\"150\" height=\"150\" src=\"https:\/\/kibrisdanismanim.com\/wp-content\/uploads\/2021\/10\/Image24_000-150x150.png\" class=\"attachment-thumbnail size-thumbnail\" alt=\"\" \/><\/a>\n\t\t\t<\/dt><\/dl><dl class='gallery-item'>\n\t\t\t<dt class='gallery-icon landscape'>\n\t\t\t\t<a href='https:\/\/kibrisdanismanim.com\/?attachment_id=595'><img loading=\"lazy\" decoding=\"async\" width=\"150\" height=\"150\" src=\"https:\/\/kibrisdanismanim.com\/wp-content\/uploads\/2021\/10\/2-1-150x150.jpg\" class=\"attachment-thumbnail size-thumbnail\" alt=\"\" \/><\/a>\n\t\t\t<\/dt><\/dl><br style=\"clear: both\" \/>\n\t\t<\/div>\n\n<p>Sitemizde bulunan emlaklarla ilgili sorular\u0131n\u0131z i\u00e7in hemen Toros YALKIN 05428736526 no lu whatsapp hatt\u0131ndan\u00a0 ula\u015fabilirsiniz.<\/p>\n","protected":false},"excerpt":{"rendered":"<p>&nbsp; K\u0131br\u0131s&#8217;ta F\u0131rsat Emlak Kuzey K\u0131br\u0131s emlak alan\u0131nda son y\u0131llarda y\u00fckseli\u015fe ge\u00e7mi\u015f bir \u00fclkedir. Bunun nedenleri, t\u00fcm y\u0131l s\u00fcren g\u00fcne\u015fli iklimi, enfes plajlar\u0131 ve halen bakir olan do\u011fas\u0131, sterlin baz\u0131nda s\u00fcrekli de\u011feri artan yeni turizm b\u00f6lgelerinde yap\u0131lan emlak projeleri ve d\u00fcnyan\u0131n\u0131n her gelen yabanc\u0131 yat\u0131r\u0131mc\u0131lar, tatilciler ve airbnb kullanan turistlerin adaya g\u00f6sterdi\u011fi ilgidir. D\u00fcnyan\u0131n en [&hellip;]<\/p>\n","protected":false},"author":1,"featured_media":329,"parent":0,"menu_order":0,"comment_status":"closed","ping_status":"closed","template":"","meta":{"_monsterinsights_skip_tracking":false,"_monsterinsights_sitenote_active":false,"_monsterinsights_sitenote_note":"","_monsterinsights_sitenote_category":0,"footnotes":""},"class_list":["post-163","page","type-page","status-publish","has-post-thumbnail","hentry"],"_links":{"self":[{"href":"https:\/\/kibrisdanismanim.com\/index.php?rest_route=\/wp\/v2\/pages\/163","targetHints":{"allow":["GET"]}}],"collection":[{"href":"https:\/\/kibrisdanismanim.com\/index.php?rest_route=\/wp\/v2\/pages"}],"about":[{"href":"https:\/\/kibrisdanismanim.com\/index.php?rest_route=\/wp\/v2\/types\/page"}],"author":[{"embeddable":true,"href":"https:\/\/kibrisdanismanim.com\/index.php?rest_route=\/wp\/v2\/users\/1"}],"replies":[{"embeddable":true,"href":"https:\/\/kibrisdanismanim.com\/index.php?rest_route=%2Fwp%2Fv2%2Fcomments&post=163"}],"version-history":[{"count":73,"href":"https:\/\/kibrisdanismanim.com\/index.php?rest_route=\/wp\/v2\/pages\/163\/revisions"}],"predecessor-version":[{"id":199,"href":"https:\/\/kibrisdanismanim.com\/index.php?rest_route=\/wp\/v2\/pages\/163\/revisions\/199"}],"wp:featuredmedia":[{"embeddable":true,"href":"https:\/\/kibrisdanismanim.com\/index.php?rest_route=\/wp\/v2\/media\/329"}],"wp:attachment":[{"href":"https:\/\/kibrisdanismanim.com\/index.php?rest_route=%2Fwp%2Fv2%2Fmedia&parent=163"}],"curies":[{"name":"wp","href":"https:\/\/api.w.org\/{rel}","templated":true}]}}